{"id":1250,"date":"2023-11-09T05:22:14","date_gmt":"2023-11-09T04:22:14","guid":{"rendered":"https:\/\/discoverpuertoplata.com\/lugares-a-visitar\/los-hidalgos\/"},"modified":"2024-10-22T09:35:23","modified_gmt":"2024-10-22T07:35:23","slug":"los-hidalgos","status":"publish","type":"page","link":"https:\/\/discoverpuertoplata.com\/en\/lugares-a-visitar\/los-hidalgos\/","title":{"rendered":"Los Hidalgos"},"content":{"rendered":"\n<p>This route between La Isabela and Fort Santo Tom\u00e1s de J\u00e1nico was traveled by the Admiral on his second voyage.<\/p>\n\n<p>Every year in April, the Amapola Fair is held, inspired by the romantic significance attributed to this flower, including declarations of love, wedding ceremonies, and vow renewals. According to a fable, a woman who is unlucky in love only needs to sit on an amapola flower, and her luck will change.<\/p>\n","protected":false},"excerpt":{"rendered":"<p>Su nombre tiene origen por Crist\u00f3bal Col\u00f3n \u201cPasos de los Hidalgos\u201d, en honor a las personas que lo acompa\u00f1aron en su primera expedici\u00f3n hacia el interior del pa\u00eds en marzo del 1494.<\/p>\n<p>Este municipio se conoce bajo la marca \u201cTierra de las Amapolas\u201d, homenaje a sus hermosas plantas que se encuentran en todo el trayecto del lugar.<\/p>\n","protected":false},"author":1,"featured_media":406,"parent":1243,"menu_order":34,"comment_status":"closed","ping_status":"closed","template":"page-det-municipios.php","meta":{"footnotes":""},"class_list":["post-1250","page","type-page","status-publish","has-post-thumbnail","hentry"],"_links":{"self":[{"href":"https:\/\/discoverpuertoplata.com\/en\/wp-json\/wp\/v2\/pages\/1250","targetHints":{"allow":["GET"]}}],"collection":[{"href":"https:\/\/discoverpuertoplata.com\/en\/wp-json\/wp\/v2\/pages"}],"about":[{"href":"https:\/\/discoverpuertoplata.com\/en\/wp-json\/wp\/v2\/types\/page"}],"author":[{"embeddable":true,"href":"https:\/\/discoverpuertoplata.com\/en\/wp-json\/wp\/v2\/users\/1"}],"replies":[{"embeddable":true,"href":"https:\/\/discoverpuertoplata.com\/en\/wp-json\/wp\/v2\/comments?post=1250"}],"version-history":[{"count":1,"href":"https:\/\/discoverpuertoplata.com\/en\/wp-json\/wp\/v2\/pages\/1250\/revisions"}],"predecessor-version":[{"id":1387,"href":"https:\/\/discoverpuertoplata.com\/en\/wp-json\/wp\/v2\/pages\/1250\/revisions\/1387"}],"up":[{"embeddable":true,"href":"https:\/\/discoverpuertoplata.com\/en\/wp-json\/wp\/v2\/pages\/1243"}],"wp:featuredmedia":[{"embeddable":true,"href":"https:\/\/discoverpuertoplata.com\/en\/wp-json\/wp\/v2\/media\/406"}],"wp:attachment":[{"href":"https:\/\/discoverpuertoplata.com\/en\/wp-json\/wp\/v2\/media?parent=1250"}],"curies":[{"name":"wp","href":"https:\/\/api.w.org\/{rel}","templated":true}]}}