{"id":1248,"date":"2023-11-09T05:22:11","date_gmt":"2023-11-09T04:22:11","guid":{"rendered":"https:\/\/discoverpuertoplata.com\/lugares-a-visitar\/guananico\/"},"modified":"2024-10-22T09:31:00","modified_gmt":"2024-10-22T07:31:00","slug":"guananico","status":"publish","type":"page","link":"https:\/\/discoverpuertoplata.com\/en\/lugares-a-visitar\/guananico\/","title":{"rendered":"Guananico"},"content":{"rendered":"\n<p>You can see mountains with diverse vegetation and several rivers and streams. This town has a special place called Rinc\u00f3n Caliente, known as the birthplace of traditional merengue, which is played with a g\u00fcira, tambora, and accordion. Over the years, renowned traditional merengue musicians have emerged from this area, many even from the same family, including Facundo Pe\u00f1a, Nicol Pe\u00f1a, and Rafelito Rom\u00e1n, among others.<\/p>\n","protected":false},"excerpt":{"rendered":"<p>Este es uno de los municipios m\u00e1s joven y su nombre se asocia al del Cacique Guacanagarix, quien a la llegada de los espa\u00f1oles gobernaba el cacicazgo de Mariem.<\/p>\n","protected":false},"author":1,"featured_media":1195,"parent":1243,"menu_order":30,"comment_status":"closed","ping_status":"closed","template":"page-det-municipios.php","meta":{"footnotes":""},"class_list":["post-1248","page","type-page","status-publish","has-post-thumbnail","hentry"],"_links":{"self":[{"href":"https:\/\/discoverpuertoplata.com\/en\/wp-json\/wp\/v2\/pages\/1248","targetHints":{"allow":["GET"]}}],"collection":[{"href":"https:\/\/discoverpuertoplata.com\/en\/wp-json\/wp\/v2\/pages"}],"about":[{"href":"https:\/\/discoverpuertoplata.com\/en\/wp-json\/wp\/v2\/types\/page"}],"author":[{"embeddable":true,"href":"https:\/\/discoverpuertoplata.com\/en\/wp-json\/wp\/v2\/users\/1"}],"replies":[{"embeddable":true,"href":"https:\/\/discoverpuertoplata.com\/en\/wp-json\/wp\/v2\/comments?post=1248"}],"version-history":[{"count":1,"href":"https:\/\/discoverpuertoplata.com\/en\/wp-json\/wp\/v2\/pages\/1248\/revisions"}],"predecessor-version":[{"id":1379,"href":"https:\/\/discoverpuertoplata.com\/en\/wp-json\/wp\/v2\/pages\/1248\/revisions\/1379"}],"up":[{"embeddable":true,"href":"https:\/\/discoverpuertoplata.com\/en\/wp-json\/wp\/v2\/pages\/1243"}],"wp:featuredmedia":[{"embeddable":true,"href":"https:\/\/discoverpuertoplata.com\/en\/wp-json\/wp\/v2\/media\/1195"}],"wp:attachment":[{"href":"https:\/\/discoverpuertoplata.com\/en\/wp-json\/wp\/v2\/media?parent=1248"}],"curies":[{"name":"wp","href":"https:\/\/api.w.org\/{rel}","templated":true}]}}