{"id":1243,"date":"2023-11-02T06:52:55","date_gmt":"2023-11-02T05:52:55","guid":{"rendered":"https:\/\/discoverpuertoplata.com\/lugares-a-visitar\/"},"modified":"2024-07-22T07:11:59","modified_gmt":"2024-07-22T05:11:59","slug":"lugares-a-visitar","status":"publish","type":"page","link":"https:\/\/discoverpuertoplata.com\/en\/lugares-a-visitar\/","title":{"rendered":"Places to visit"},"content":{"rendered":"\n<p>Puerto Plata boasts some of the best beaches in the country, such as Sos\u00faa, Playa Dorada, Maim\u00f3n, Cafemba, Playa Grande (in Luper\u00f3n), Cabarete, Long Beach, and Long Bichito. On some of these beaches, such as Playa Dorada, Cofres\u00ed, Long Beach, or Cabarete, you can enjoy various water sports like jet skiing, surfing, windsurfing, kiteboarding, and sailing.<\/p>\n\n\n\n<p>In addition to beaches and water sports, Puerto Plata offers hiking, cycling, adventure tourism, and visits to nature reserves and natural monuments like Loma Isabel de Torres, Cabarete Lagoon, or Los Ca\u00f1os de Estero Hondo. You can also delve into its history through its Victorian architecture, the colonial fortress of San Felipe, or the Jewish settlement of Sos\u00faa from around 1940.<\/p>\n","protected":false},"excerpt":{"rendered":"<p>Puerto Plata boasts some of the best beaches in the country, such as Sos\u00faa, Playa Dorada, Maim\u00f3n, Cafemba, Playa Grande (in Luper\u00f3n), Cabarete, Long Beach, and Long Bichito. On some of these beaches, such as Playa Dorada, Cofres\u00ed, Long Beach, or Cabarete, you can enjoy various water sports like jet skiing, surfing, windsurfing, kiteboarding, and [&hellip;]<\/p>\n","protected":false},"author":1,"featured_media":81,"parent":0,"menu_order":20,"comment_status":"closed","ping_status":"closed","template":"page-lugaresavisitar.php","meta":{"footnotes":""},"class_list":["post-1243","page","type-page","status-publish","has-post-thumbnail","hentry"],"_links":{"self":[{"href":"https:\/\/discoverpuertoplata.com\/en\/wp-json\/wp\/v2\/pages\/1243","targetHints":{"allow":["GET"]}}],"collection":[{"href":"https:\/\/discoverpuertoplata.com\/en\/wp-json\/wp\/v2\/pages"}],"about":[{"href":"https:\/\/discoverpuertoplata.com\/en\/wp-json\/wp\/v2\/types\/page"}],"author":[{"embeddable":true,"href":"https:\/\/discoverpuertoplata.com\/en\/wp-json\/wp\/v2\/users\/1"}],"replies":[{"embeddable":true,"href":"https:\/\/discoverpuertoplata.com\/en\/wp-json\/wp\/v2\/comments?post=1243"}],"version-history":[{"count":4,"href":"https:\/\/discoverpuertoplata.com\/en\/wp-json\/wp\/v2\/pages\/1243\/revisions"}],"predecessor-version":[{"id":1352,"href":"https:\/\/discoverpuertoplata.com\/en\/wp-json\/wp\/v2\/pages\/1243\/revisions\/1352"}],"wp:featuredmedia":[{"embeddable":true,"href":"https:\/\/discoverpuertoplata.com\/en\/wp-json\/wp\/v2\/media\/81"}],"wp:attachment":[{"href":"https:\/\/discoverpuertoplata.com\/en\/wp-json\/wp\/v2\/media?parent=1243"}],"curies":[{"name":"wp","href":"https:\/\/api.w.org\/{rel}","templated":true}]}}